{"id":1000,"date":"2023-12-25T12:00:00","date_gmt":"2023-12-25T09:00:00","guid":{"rendered":"https:\/\/yddamuhendislik.com\/%d0%b1%d0%bb%d0%be%d0%b3\/"},"modified":"2024-06-05T14:56:12","modified_gmt":"2024-06-05T11:56:12","slug":"%d0%b1%d0%bb%d0%be%d0%b3","status":"publish","type":"page","link":"https:\/\/yddamuhendislik.com\/ru\/%d0%b1%d0%bb%d0%be%d0%b3\/","title":{"rendered":"\u0411\u043b\u043e\u0433"},"content":{"rendered":"\t\t<div data-elementor-type=\"wp-page\" data-elementor-id=\"1000\" class=\"elementor elementor-1000 elementor-336\" data-elementor-post-type=\"page\">\n\t\t\t\t\t\t<section class=\"elementor-section elementor-top-section elementor-element elementor-element-f89960b elementor-section-height-min-height elementor-section-boxed elementor-section-height-default elementor-section-items-middle\" data-id=\"f89960b\" data-element_type=\"section\" data-settings=\"{&quot;background_background&quot;:&quot;classic&quot;}\">\n\t\t\t\t\t\t\t<div class=\"elementor-background-overlay\"><\/div>\n\t\t\t\t\t\t\t<div class=\"elementor-container elementor-column-gap-default\">\n\t\t\t\t\t<div class=\"elementor-column elementor-col-100 elementor-top-column elementor-element elementor-element-54b6583\" data-id=\"54b6583\" data-element_type=\"column\">\n\t\t\t<div class=\"elementor-widget-wrap elementor-element-populated\">\n\t\t\t\t\t\t<div class=\"elementor-element elementor-element-574029f elementor-widget elementor-widget-heading\" data-id=\"574029f\" data-element_type=\"widget\" data-widget_type=\"heading.default\">\n\t\t\t\t<div class=\"elementor-widget-container\">\n\t\t\t\t\t<h2 class=\"elementor-heading-title elementor-size-default\">\u0411\u043b\u043e\u0433<\/h2>\t\t\t\t<\/div>\n\t\t\t\t<\/div>\n\t\t\t\t\t<\/div>\n\t\t<\/div>\n\t\t\t\t\t<\/div>\n\t\t<\/section>\n\t\t\t\t<section class=\"elementor-section elementor-top-section elementor-element elementor-element-caff193 elementor-section-boxed elementor-section-height-default elementor-section-height-default\" data-id=\"caff193\" data-element_type=\"section\" data-settings=\"{&quot;background_background&quot;:&quot;classic&quot;}\">\n\t\t\t\t\t\t<div class=\"elementor-container elementor-column-gap-wider\">\n\t\t\t\t\t<div class=\"elementor-column elementor-col-100 elementor-top-column elementor-element elementor-element-3b2f84f\" data-id=\"3b2f84f\" data-element_type=\"column\">\n\t\t\t<div class=\"elementor-widget-wrap elementor-element-populated\">\n\t\t\t\t\t\t<div class=\"elementor-element elementor-element-4749cfc elementor-position-inline-start elementor-view-default elementor-mobile-position-block-start elementor-widget elementor-widget-icon-box\" data-id=\"4749cfc\" data-element_type=\"widget\" data-widget_type=\"icon-box.default\">\n\t\t\t\t<div class=\"elementor-widget-container\">\n\t\t\t\t\t\t\t<div class=\"elementor-icon-box-wrapper\">\n\n\t\t\t\t\t\t<div class=\"elementor-icon-box-icon\">\n\t\t\t\t<span  class=\"elementor-icon\">\n\t\t\t\t<i aria-hidden=\"true\" class=\"fas fa-ellipsis-h\"><\/i>\t\t\t\t<\/span>\n\t\t\t<\/div>\n\t\t\t\n\t\t\t\t\t\t<div class=\"elementor-icon-box-content\">\n\n\t\t\t\t\t\t\t\t\t<h1 class=\"elementor-icon-box-title\">\n\t\t\t\t\t\t<span  >\n\t\t\t\t\t\t\t\u0411\u043b\u043e\u0433\t\t\t\t\t\t<\/span>\n\t\t\t\t\t<\/h1>\n\t\t\t\t\n\t\t\t\t\n\t\t\t<\/div>\n\t\t\t\n\t\t<\/div>\n\t\t\t\t\t\t<\/div>\n\t\t\t\t<\/div>\n\t\t\t\t<div class=\"elementor-element elementor-element-04a9dcd elementor-widget elementor-widget-heading\" data-id=\"04a9dcd\" data-element_type=\"widget\" data-widget_type=\"heading.default\">\n\t\t\t\t<div class=\"elementor-widget-container\">\n\t\t\t\t\t<h2 class=\"elementor-heading-title elementor-size-default\">\u041d\u043e\u0432\u043e\u0441\u0442\u0438 \u043e\u0442 \u043d\u0430\u0441<\/h2>\t\t\t\t<\/div>\n\t\t\t\t<\/div>\n\t\t\t\t<div class=\"elementor-element elementor-element-19db9b3 elementor-widget elementor-widget-spacer\" data-id=\"19db9b3\" data-element_type=\"widget\" data-widget_type=\"spacer.default\">\n\t\t\t\t<div class=\"elementor-widget-container\">\n\t\t\t\t\t\t\t<div class=\"elementor-spacer\">\n\t\t\t<div class=\"elementor-spacer-inner\"><\/div>\n\t\t<\/div>\n\t\t\t\t\t\t<\/div>\n\t\t\t\t<\/div>\n\t\t\t\t\t<\/div>\n\t\t<\/div>\n\t\t\t\t\t<\/div>\n\t\t<\/section>\n\t\t\t\t<\/div>\n\t\t","protected":false},"excerpt":{"rendered":"<p>\u0411\u043b\u043e\u0433 \u0411\u043b\u043e\u0433 \u041d\u043e\u0432\u043e\u0441\u0442\u0438 \u043e\u0442 \u043d\u0430\u0441 \u0412\u0441\u0435 Uncategorized @tr \u0130mar Arsalar\u0131 \u0130mar Arsalar\u0131 hakk\u0131nda biraz bilgi\u0130mar Arsalar\u0131 hakk\u0131nda biraz bilgi\u0130mar Arsalar\u0131 hakk\u0131nda biraz bilgi\u0130mar&#8230; Emlak Sekt\u00f6r\u00fc Emlak Sekt\u00f6r\u00fc hakk\u0131nda biraz bilgiEmlak Sekt\u00f6r\u00fc hakk\u0131nda biraz bilgiEmlak Sekt\u00f6r\u00fc hakk\u0131nda biraz bilgiEmlak&#8230; Turizm Devam WordPress\u2019e ho\u015f geldiniz. Bu sizin ilk yaz\u0131n\u0131z. Bu yaz\u0131y\u0131 d\u00fczenleyin ya da silin. Sonra yazmaya&hellip; <a class=\"more-link\" href=\"https:\/\/yddamuhendislik.com\/ru\/%d0%b1%d0%bb%d0%be%d0%b3\/\">\u0427\u0438\u0442\u0430\u0442\u044c \u0434\u0430\u043b\u0435\u0435 <span class=\"screen-reader-text\">\u0411\u043b\u043e\u0433<\/span><\/a><\/p>\n","protected":false},"author":1,"featured_media":0,"parent":0,"menu_order":0,"comment_status":"closed","ping_status":"closed","template":"elementor_header_footer","meta":{"footnotes":""},"class_list":["post-1000","page","type-page","status-publish","hentry","entry"],"_links":{"self":[{"href":"https:\/\/yddamuhendislik.com\/ru\/wp-json\/wp\/v2\/pages\/1000","targetHints":{"allow":["GET"]}}],"collection":[{"href":"https:\/\/yddamuhendislik.com\/ru\/wp-json\/wp\/v2\/pages"}],"about":[{"href":"https:\/\/yddamuhendislik.com\/ru\/wp-json\/wp\/v2\/types\/page"}],"author":[{"embeddable":true,"href":"https:\/\/yddamuhendislik.com\/ru\/wp-json\/wp\/v2\/users\/1"}],"replies":[{"embeddable":true,"href":"https:\/\/yddamuhendislik.com\/ru\/wp-json\/wp\/v2\/comments?post=1000"}],"version-history":[{"count":0,"href":"https:\/\/yddamuhendislik.com\/ru\/wp-json\/wp\/v2\/pages\/1000\/revisions"}],"wp:attachment":[{"href":"https:\/\/yddamuhendislik.com\/ru\/wp-json\/wp\/v2\/media?parent=1000"}],"curies":[{"name":"wp","href":"https:\/\/api.w.org\/{rel}","templated":true}]}}