{"id":1037,"date":"2023-12-25T12:00:00","date_gmt":"2023-12-25T09:00:00","guid":{"rendered":"https:\/\/yddamuhendislik.com\/%d0%bf%d1%80%d0%be%d0%b5%d0%ba%d1%82%d1%8b\/"},"modified":"2024-06-05T15:14:04","modified_gmt":"2024-06-05T12:14:04","slug":"%d0%bf%d1%80%d0%be%d0%b5%d0%ba%d1%82%d1%8b","status":"publish","type":"page","link":"https:\/\/yddamuhendislik.com\/ru\/%d0%bf%d1%80%d0%be%d0%b5%d0%ba%d1%82%d1%8b\/","title":{"rendered":"\u041f\u0440\u043e\u0435\u043a\u0442\u044b"},"content":{"rendered":"\t\t<div data-elementor-type=\"wp-page\" data-elementor-id=\"1037\" class=\"elementor elementor-1037 elementor-575\" data-elementor-post-type=\"page\">\n\t\t\t\t\t\t<section class=\"elementor-section elementor-top-section elementor-element elementor-element-4e7e62b elementor-section-height-min-height elementor-section-boxed elementor-section-height-default elementor-section-items-middle\" data-id=\"4e7e62b\" data-element_type=\"section\" data-settings=\"{&quot;background_background&quot;:&quot;classic&quot;}\">\n\t\t\t\t\t\t\t<div class=\"elementor-background-overlay\"><\/div>\n\t\t\t\t\t\t\t<div class=\"elementor-container elementor-column-gap-default\">\n\t\t\t\t\t<div class=\"elementor-column elementor-col-100 elementor-top-column elementor-element elementor-element-2385998\" data-id=\"2385998\" data-element_type=\"column\">\n\t\t\t<div class=\"elementor-widget-wrap elementor-element-populated\">\n\t\t\t\t\t\t<div class=\"elementor-element elementor-element-068f22d elementor-widget elementor-widget-heading\" data-id=\"068f22d\" data-element_type=\"widget\" data-widget_type=\"heading.default\">\n\t\t\t\t<div class=\"elementor-widget-container\">\n\t\t\t\t\t<h2 class=\"elementor-heading-title elementor-size-default\">\u041f\u0440\u043e\u0435\u043a\u0442\u044b<\/h2>\t\t\t\t<\/div>\n\t\t\t\t<\/div>\n\t\t\t\t\t<\/div>\n\t\t<\/div>\n\t\t\t\t\t<\/div>\n\t\t<\/section>\n\t\t\t\t<section class=\"elementor-section elementor-top-section elementor-element elementor-element-4dba648 elementor-section-boxed elementor-section-height-default elementor-section-height-default\" data-id=\"4dba648\" data-element_type=\"section\">\n\t\t\t\t\t\t<div class=\"elementor-container elementor-column-gap-default\">\n\t\t\t\t\t<div class=\"elementor-column elementor-col-100 elementor-top-column elementor-element elementor-element-58491f8\" data-id=\"58491f8\" data-element_type=\"column\">\n\t\t\t<div class=\"elementor-widget-wrap elementor-element-populated\">\n\t\t\t\t\t\t<div class=\"elementor-element elementor-element-372456d elementor-grid-3 elementor-grid-tablet-2 elementor-grid-mobile-1 elementor-widget elementor-widget-portfolio\" data-id=\"372456d\" data-element_type=\"widget\" data-settings=\"{&quot;item_ratio&quot;:{&quot;unit&quot;:&quot;px&quot;,&quot;size&quot;:&quot;&quot;,&quot;sizes&quot;:[]},&quot;columns&quot;:&quot;3&quot;,&quot;columns_tablet&quot;:&quot;2&quot;,&quot;columns_mobile&quot;:&quot;1&quot;,&quot;item_gap&quot;:{&quot;unit&quot;:&quot;px&quot;,&quot;size&quot;:&quot;&quot;,&quot;sizes&quot;:[]},&quot;row_gap&quot;:{&quot;unit&quot;:&quot;px&quot;,&quot;size&quot;:&quot;&quot;,&quot;sizes&quot;:[]}}\" data-widget_type=\"portfolio.default\">\n\t\t\t\t<div class=\"elementor-widget-container\">\n\t\t\t\t\t\t\t<ul class=\"elementor-portfolio__filters\">\n\t\t\t<li class=\"elementor-portfolio__filter elementor-active\" tabindex=\"0\" data-filter=\"__all\">\u0412\u0441\u0435<\/li>\n\t\t\t\t\t\t\t<li class=\"elementor-portfolio__filter\" tabindex=\"0\" data-filter=\"12\">Konut Projeleri<\/li>\n\t\t\t\t\t\t\t<li class=\"elementor-portfolio__filter\" tabindex=\"0\" data-filter=\"14\">Otel Projeleri<\/li>\n\t\t\t\t\t\t\t<li class=\"elementor-portfolio__filter\" tabindex=\"0\" data-filter=\"15\">Tahhah\u00fct Projeleri<\/li>\n\t\t\t\t\t\t\t<li class=\"elementor-portfolio__filter\" tabindex=\"0\" data-filter=\"35\">\u00d6zel Projeler<\/li>\n\t\t\t\t\t<\/ul>\n\t\t\t\t<div class=\"elementor-portfolio elementor-grid elementor-posts-container\" role=\"list\">\n\t\t\t\t<article class=\"elementor-portfolio-item elementor-post elementor-filter-15 post-1916 elemenfolio type-elemenfolio status-publish has-post-thumbnail hentry elemenfoliocategory-tahhahut-projeleri entry\" role=\"listitem\">\n\t\t\t<a class=\"elementor-post__thumbnail__link\" href=\"https:\/\/yddamuhendislik.com\/ru\/portfolio\/manavgat-orman-mudurlugu-seyir-terasi\/\">\n\t\t\t\t<div class=\"elementor-portfolio-item__img elementor-post__thumbnail\">\n\t\t\t<img fetchpriority=\"high\" decoding=\"async\" width=\"2560\" height=\"1920\" src=\"https:\/\/yddamuhendislik.com\/wp-content\/uploads\/2025\/07\/ydda-manavgat2-scaled.jpg\" class=\"attachment-full size-full wp-image-1920\" alt=\"\" srcset=\"https:\/\/yddamuhendislik.com\/wp-content\/uploads\/2025\/07\/ydda-manavgat2-scaled.jpg 2560w, https:\/\/yddamuhendislik.com\/wp-content\/uploads\/2025\/07\/ydda-manavgat2-300x225.jpg 300w, https:\/\/yddamuhendislik.com\/wp-content\/uploads\/2025\/07\/ydda-manavgat2-1024x768.jpg 1024w, https:\/\/yddamuhendislik.com\/wp-content\/uploads\/2025\/07\/ydda-manavgat2-768x576.jpg 768w, https:\/\/yddamuhendislik.com\/wp-content\/uploads\/2025\/07\/ydda-manavgat2-1536x1152.jpg 1536w, https:\/\/yddamuhendislik.com\/wp-content\/uploads\/2025\/07\/ydda-manavgat2-2048x1536.jpg 2048w, https:\/\/yddamuhendislik.com\/wp-content\/uploads\/2025\/07\/ydda-manavgat2-1568x1176.jpg 1568w\" sizes=\"(max-width: 2560px) 100vw, 2560px\" style=\"width:100%;height:75%;max-width:2560px\" \/>\t\t<\/div>\n\t\t\t\t<div class=\"elementor-portfolio-item__overlay\">\n\t\t\t\t<h2 class=\"elementor-portfolio-item__title\">\n\t\tMANAVGAT ORMAN M\u00dcD\u00dcRL\u00dc\u011e\u00dc SEY\u0130R TERASI\t\t<\/h2>\n\t\t\t\t<\/div>\n\t\t\t\t<\/a>\n\t\t<\/article>\n\t\t\t\t<article class=\"elementor-portfolio-item elementor-post elementor-filter-14 post-1892 elemenfolio type-elemenfolio status-publish has-post-thumbnail hentry elemenfoliocategory-otel-projeleri entry\" role=\"listitem\">\n\t\t\t<a class=\"elementor-post__thumbnail__link\" href=\"https:\/\/yddamuhendislik.com\/ru\/portfolio\/barinaklar-otel\/\">\n\t\t\t\t<div class=\"elementor-portfolio-item__img elementor-post__thumbnail\">\n\t\t\t<img decoding=\"async\" width=\"1024\" height=\"726\" src=\"https:\/\/yddamuhendislik.com\/wp-content\/uploads\/2025\/07\/ydda-barinaklar4.jpg\" class=\"attachment-full size-full wp-image-2100\" alt=\"\" srcset=\"https:\/\/yddamuhendislik.com\/wp-content\/uploads\/2025\/07\/ydda-barinaklar4.jpg 1024w, https:\/\/yddamuhendislik.com\/wp-content\/uploads\/2025\/07\/ydda-barinaklar4-300x213.jpg 300w, https:\/\/yddamuhendislik.com\/wp-content\/uploads\/2025\/07\/ydda-barinaklar4-768x545.jpg 768w\" sizes=\"(max-width: 1024px) 100vw, 1024px\" style=\"width:100%;height:70.9%;max-width:1024px\" \/>\t\t<\/div>\n\t\t\t\t<div class=\"elementor-portfolio-item__overlay\">\n\t\t\t\t<h2 class=\"elementor-portfolio-item__title\">\n\t\tBARINAKLAR OTEL\t\t<\/h2>\n\t\t\t\t<\/div>\n\t\t\t\t<\/a>\n\t\t<\/article>\n\t\t\t\t<article class=\"elementor-portfolio-item elementor-post elementor-filter-35 post-1853 elemenfolio type-elemenfolio status-publish has-post-thumbnail hentry elemenfoliocategory-ozel-projeler entry\" role=\"listitem\">\n\t\t\t<a class=\"elementor-post__thumbnail__link\" href=\"https:\/\/yddamuhendislik.com\/ru\/portfolio\/the-most-ic-ve-dis-mekan-renovasyon\/\">\n\t\t\t\t<div class=\"elementor-portfolio-item__img elementor-post__thumbnail\">\n\t\t\t<img decoding=\"async\" width=\"1920\" height=\"2560\" src=\"https:\/\/yddamuhendislik.com\/wp-content\/uploads\/2025\/07\/ydda-most1-scaled.jpeg\" class=\"attachment-full size-full wp-image-1854\" alt=\"\" srcset=\"https:\/\/yddamuhendislik.com\/wp-content\/uploads\/2025\/07\/ydda-most1-scaled.jpeg 1920w, https:\/\/yddamuhendislik.com\/wp-content\/uploads\/2025\/07\/ydda-most1-225x300.jpeg 225w, https:\/\/yddamuhendislik.com\/wp-content\/uploads\/2025\/07\/ydda-most1-768x1024.jpeg 768w, https:\/\/yddamuhendislik.com\/wp-content\/uploads\/2025\/07\/ydda-most1-1152x1536.jpeg 1152w, https:\/\/yddamuhendislik.com\/wp-content\/uploads\/2025\/07\/ydda-most1-1536x2048.jpeg 1536w, https:\/\/yddamuhendislik.com\/wp-content\/uploads\/2025\/07\/ydda-most1-1568x2091.jpeg 1568w\" sizes=\"(max-width: 1920px) 100vw, 1920px\" style=\"width:100%;height:133.33%;max-width:1920px\" \/>\t\t<\/div>\n\t\t\t\t<div class=\"elementor-portfolio-item__overlay\">\n\t\t\t\t<h2 class=\"elementor-portfolio-item__title\">\n\t\tTHE MOST \u0130\u00c7 VE DI\u015e MEKAN RENOVASYON\t\t<\/h2>\n\t\t\t\t<\/div>\n\t\t\t\t<\/a>\n\t\t<\/article>\n\t\t\t\t<article class=\"elementor-portfolio-item elementor-post elementor-filter-14 post-1800 elemenfolio type-elemenfolio status-publish has-post-thumbnail hentry elemenfoliocategory-otel-projeleri entry\" role=\"listitem\">\n\t\t\t<a class=\"elementor-post__thumbnail__link\" href=\"https:\/\/yddamuhendislik.com\/ru\/portfolio\/double-treeby-hilton-kemer\/\">\n\t\t\t\t<div class=\"elementor-portfolio-item__img elementor-post__thumbnail\">\n\t\t\t<img loading=\"lazy\" decoding=\"async\" width=\"700\" height=\"392\" src=\"https:\/\/yddamuhendislik.com\/wp-content\/uploads\/2025\/07\/sauce-hotel.jpg\" class=\"attachment-full size-full wp-image-2143\" alt=\"\" srcset=\"https:\/\/yddamuhendislik.com\/wp-content\/uploads\/2025\/07\/sauce-hotel.jpg 700w, https:\/\/yddamuhendislik.com\/wp-content\/uploads\/2025\/07\/sauce-hotel-300x168.jpg 300w\" sizes=\"(max-width: 700px) 100vw, 700px\" style=\"width:100%;height:56%;max-width:700px\" \/>\t\t<\/div>\n\t\t\t\t<div class=\"elementor-portfolio-item__overlay\">\n\t\t\t\t<h2 class=\"elementor-portfolio-item__title\">\n\t\tDOUBLE TREEBY H\u0130LTON KEMER\t\t<\/h2>\n\t\t\t\t<\/div>\n\t\t\t\t<\/a>\n\t\t<\/article>\n\t\t\t\t<article class=\"elementor-portfolio-item elementor-post elementor-filter-14 post-1792 elemenfolio type-elemenfolio status-publish has-post-thumbnail hentry elemenfoliocategory-otel-projeleri entry\" role=\"listitem\">\n\t\t\t<a class=\"elementor-post__thumbnail__link\" href=\"https:\/\/yddamuhendislik.com\/ru\/portfolio\/rixos-premium-bodrum\/\">\n\t\t\t\t<div class=\"elementor-portfolio-item__img elementor-post__thumbnail\">\n\t\t\t<img loading=\"lazy\" decoding=\"async\" width=\"1639\" height=\"1092\" src=\"https:\/\/yddamuhendislik.com\/wp-content\/uploads\/2025\/07\/Rixos-Premium-Bodrum-Genel-393073.jpg\" class=\"attachment-full size-full wp-image-2140\" alt=\"\" srcset=\"https:\/\/yddamuhendislik.com\/wp-content\/uploads\/2025\/07\/Rixos-Premium-Bodrum-Genel-393073.jpg 1639w, https:\/\/yddamuhendislik.com\/wp-content\/uploads\/2025\/07\/Rixos-Premium-Bodrum-Genel-393073-300x200.jpg 300w, https:\/\/yddamuhendislik.com\/wp-content\/uploads\/2025\/07\/Rixos-Premium-Bodrum-Genel-393073-1024x682.jpg 1024w, https:\/\/yddamuhendislik.com\/wp-content\/uploads\/2025\/07\/Rixos-Premium-Bodrum-Genel-393073-768x512.jpg 768w, https:\/\/yddamuhendislik.com\/wp-content\/uploads\/2025\/07\/Rixos-Premium-Bodrum-Genel-393073-1536x1023.jpg 1536w, https:\/\/yddamuhendislik.com\/wp-content\/uploads\/2025\/07\/Rixos-Premium-Bodrum-Genel-393073-1568x1045.jpg 1568w\" sizes=\"(max-width: 1639px) 100vw, 1639px\" style=\"width:100%;height:66.63%;max-width:1639px\" \/>\t\t<\/div>\n\t\t\t\t<div class=\"elementor-portfolio-item__overlay\">\n\t\t\t\t<h2 class=\"elementor-portfolio-item__title\">\n\t\tRIXOS PREMIUM BODRUM\t\t<\/h2>\n\t\t\t\t<\/div>\n\t\t\t\t<\/a>\n\t\t<\/article>\n\t\t\t\t<article class=\"elementor-portfolio-item elementor-post elementor-filter-14 post-1784 elemenfolio type-elemenfolio status-publish has-post-thumbnail hentry elemenfoliocategory-otel-projeleri entry\" role=\"listitem\">\n\t\t\t<a class=\"elementor-post__thumbnail__link\" href=\"https:\/\/yddamuhendislik.com\/ru\/portfolio\/rixos-premium-tekirova\/\">\n\t\t\t\t<div class=\"elementor-portfolio-item__img elementor-post__thumbnail\">\n\t\t\t<img loading=\"lazy\" decoding=\"async\" width=\"2560\" height=\"1440\" src=\"https:\/\/yddamuhendislik.com\/wp-content\/uploads\/2025\/07\/Rixos_Premium_Tekirova_-_The_Land_of_Legends_Access_20250102120841_0.webp\" class=\"attachment-full size-full wp-image-2134\" alt=\"\" srcset=\"https:\/\/yddamuhendislik.com\/wp-content\/uploads\/2025\/07\/Rixos_Premium_Tekirova_-_The_Land_of_Legends_Access_20250102120841_0.webp 2560w, https:\/\/yddamuhendislik.com\/wp-content\/uploads\/2025\/07\/Rixos_Premium_Tekirova_-_The_Land_of_Legends_Access_20250102120841_0-300x169.webp 300w, https:\/\/yddamuhendislik.com\/wp-content\/uploads\/2025\/07\/Rixos_Premium_Tekirova_-_The_Land_of_Legends_Access_20250102120841_0-1024x576.webp 1024w, https:\/\/yddamuhendislik.com\/wp-content\/uploads\/2025\/07\/Rixos_Premium_Tekirova_-_The_Land_of_Legends_Access_20250102120841_0-768x432.webp 768w, https:\/\/yddamuhendislik.com\/wp-content\/uploads\/2025\/07\/Rixos_Premium_Tekirova_-_The_Land_of_Legends_Access_20250102120841_0-1536x864.webp 1536w, https:\/\/yddamuhendislik.com\/wp-content\/uploads\/2025\/07\/Rixos_Premium_Tekirova_-_The_Land_of_Legends_Access_20250102120841_0-2048x1152.webp 2048w, https:\/\/yddamuhendislik.com\/wp-content\/uploads\/2025\/07\/Rixos_Premium_Tekirova_-_The_Land_of_Legends_Access_20250102120841_0-1568x882.webp 1568w\" sizes=\"(max-width: 2560px) 100vw, 2560px\" style=\"width:100%;height:56.25%;max-width:2560px\" \/>\t\t<\/div>\n\t\t\t\t<div class=\"elementor-portfolio-item__overlay\">\n\t\t\t\t<h2 class=\"elementor-portfolio-item__title\">\n\t\tRIXOS PREMIUM TEK\u0130ROVA\t\t<\/h2>\n\t\t\t\t<\/div>\n\t\t\t\t<\/a>\n\t\t<\/article>\n\t\t\t\t<article class=\"elementor-portfolio-item elementor-post elementor-filter-14 post-1770 elemenfolio type-elemenfolio status-publish has-post-thumbnail hentry elemenfoliocategory-otel-projeleri entry\" role=\"listitem\">\n\t\t\t<a class=\"elementor-post__thumbnail__link\" href=\"https:\/\/yddamuhendislik.com\/ru\/portfolio\/rixos-premium-belek\/\">\n\t\t\t\t<div class=\"elementor-portfolio-item__img elementor-post__thumbnail\">\n\t\t\t<img loading=\"lazy\" decoding=\"async\" width=\"1920\" height=\"600\" src=\"https:\/\/yddamuhendislik.com\/wp-content\/uploads\/2025\/07\/r_279_rixos-002.jpeg\" class=\"attachment-full size-full wp-image-2130\" alt=\"\" srcset=\"https:\/\/yddamuhendislik.com\/wp-content\/uploads\/2025\/07\/r_279_rixos-002.jpeg 1920w, https:\/\/yddamuhendislik.com\/wp-content\/uploads\/2025\/07\/r_279_rixos-002-300x94.jpeg 300w, https:\/\/yddamuhendislik.com\/wp-content\/uploads\/2025\/07\/r_279_rixos-002-1024x320.jpeg 1024w, https:\/\/yddamuhendislik.com\/wp-content\/uploads\/2025\/07\/r_279_rixos-002-768x240.jpeg 768w, https:\/\/yddamuhendislik.com\/wp-content\/uploads\/2025\/07\/r_279_rixos-002-1536x480.jpeg 1536w, https:\/\/yddamuhendislik.com\/wp-content\/uploads\/2025\/07\/r_279_rixos-002-1568x490.jpeg 1568w\" sizes=\"(max-width: 1920px) 100vw, 1920px\" style=\"width:100%;height:31.25%;max-width:1920px\" \/>\t\t<\/div>\n\t\t\t\t<div class=\"elementor-portfolio-item__overlay\">\n\t\t\t\t<h2 class=\"elementor-portfolio-item__title\">\n\t\tRIXOS PREMIUM BELEK\t\t<\/h2>\n\t\t\t\t<\/div>\n\t\t\t\t<\/a>\n\t\t<\/article>\n\t\t\t\t<article class=\"elementor-portfolio-item elementor-post elementor-filter-14 post-1696 elemenfolio type-elemenfolio status-publish has-post-thumbnail hentry elemenfoliocategory-otel-projeleri entry\" role=\"listitem\">\n\t\t\t<a class=\"elementor-post__thumbnail__link\" href=\"https:\/\/yddamuhendislik.com\/ru\/portfolio\/maxx-royal-belek\/\">\n\t\t\t\t<div class=\"elementor-portfolio-item__img elementor-post__thumbnail\">\n\t\t\t<img loading=\"lazy\" decoding=\"async\" width=\"1024\" height=\"575\" src=\"https:\/\/yddamuhendislik.com\/wp-content\/uploads\/2025\/07\/490676579.jpg\" class=\"attachment-full size-full wp-image-2124\" alt=\"\" srcset=\"https:\/\/yddamuhendislik.com\/wp-content\/uploads\/2025\/07\/490676579.jpg 1024w, https:\/\/yddamuhendislik.com\/wp-content\/uploads\/2025\/07\/490676579-300x168.jpg 300w, https:\/\/yddamuhendislik.com\/wp-content\/uploads\/2025\/07\/490676579-768x431.jpg 768w\" sizes=\"(max-width: 1024px) 100vw, 1024px\" style=\"width:100%;height:56.15%;max-width:1024px\" \/>\t\t<\/div>\n\t\t\t\t<div class=\"elementor-portfolio-item__overlay\">\n\t\t\t\t<h2 class=\"elementor-portfolio-item__title\">\n\t\tMAXX ROYAL BELEK\t\t<\/h2>\n\t\t\t\t<\/div>\n\t\t\t\t<\/a>\n\t\t<\/article>\n\t\t\t\t<article class=\"elementor-portfolio-item elementor-post elementor-filter-12 post-1644 elemenfolio type-elemenfolio status-publish has-post-thumbnail hentry elemenfoliocategory-konut-projeleri entry\" role=\"listitem\">\n\t\t\t<a class=\"elementor-post__thumbnail__link\" href=\"https:\/\/yddamuhendislik.com\/ru\/portfolio\/ermenek-konutlari\/\">\n\t\t\t\t<div class=\"elementor-portfolio-item__img elementor-post__thumbnail\">\n\t\t\t<img loading=\"lazy\" decoding=\"async\" width=\"2560\" height=\"1920\" src=\"https:\/\/yddamuhendislik.com\/wp-content\/uploads\/2025\/07\/ydda-ermenek2-scaled.jpeg\" class=\"attachment-full size-full wp-image-1648\" alt=\"\" srcset=\"https:\/\/yddamuhendislik.com\/wp-content\/uploads\/2025\/07\/ydda-ermenek2-scaled.jpeg 2560w, https:\/\/yddamuhendislik.com\/wp-content\/uploads\/2025\/07\/ydda-ermenek2-300x225.jpeg 300w, https:\/\/yddamuhendislik.com\/wp-content\/uploads\/2025\/07\/ydda-ermenek2-1024x768.jpeg 1024w, https:\/\/yddamuhendislik.com\/wp-content\/uploads\/2025\/07\/ydda-ermenek2-768x576.jpeg 768w, https:\/\/yddamuhendislik.com\/wp-content\/uploads\/2025\/07\/ydda-ermenek2-1536x1152.jpeg 1536w, https:\/\/yddamuhendislik.com\/wp-content\/uploads\/2025\/07\/ydda-ermenek2-2048x1536.jpeg 2048w, https:\/\/yddamuhendislik.com\/wp-content\/uploads\/2025\/07\/ydda-ermenek2-1568x1176.jpeg 1568w\" sizes=\"(max-width: 2560px) 100vw, 2560px\" style=\"width:100%;height:75%;max-width:2560px\" \/>\t\t<\/div>\n\t\t\t\t<div class=\"elementor-portfolio-item__overlay\">\n\t\t\t\t<h2 class=\"elementor-portfolio-item__title\">\n\t\tERMENEK KONUTLARI\t\t<\/h2>\n\t\t\t\t<\/div>\n\t\t\t\t<\/a>\n\t\t<\/article>\n\t\t\t\t<\/div>\n\t\t\t\t\t\t<\/div>\n\t\t\t\t<\/div>\n\t\t\t\t\t<\/div>\n\t\t<\/div>\n\t\t\t\t\t<\/div>\n\t\t<\/section>\n\t\t\t\t<\/div>\n\t\t","protected":false},"excerpt":{"rendered":"<p>\u041f\u0440\u043e\u0435\u043a\u0442\u044b<\/p>\n","protected":false},"author":1,"featured_media":0,"parent":0,"menu_order":0,"comment_status":"closed","ping_status":"closed","template":"elementor_header_footer","meta":{"footnotes":""},"class_list":["post-1037","page","type-page","status-publish","hentry","entry"],"_links":{"self":[{"href":"https:\/\/yddamuhendislik.com\/ru\/wp-json\/wp\/v2\/pages\/1037","targetHints":{"allow":["GET"]}}],"collection":[{"href":"https:\/\/yddamuhendislik.com\/ru\/wp-json\/wp\/v2\/pages"}],"about":[{"href":"https:\/\/yddamuhendislik.com\/ru\/wp-json\/wp\/v2\/types\/page"}],"author":[{"embeddable":true,"href":"https:\/\/yddamuhendislik.com\/ru\/wp-json\/wp\/v2\/users\/1"}],"replies":[{"embeddable":true,"href":"https:\/\/yddamuhendislik.com\/ru\/wp-json\/wp\/v2\/comments?post=1037"}],"version-history":[{"count":0,"href":"https:\/\/yddamuhendislik.com\/ru\/wp-json\/wp\/v2\/pages\/1037\/revisions"}],"wp:attachment":[{"href":"https:\/\/yddamuhendislik.com\/ru\/wp-json\/wp\/v2\/media?parent=1037"}],"curies":[{"name":"wp","href":"https:\/\/api.w.org\/{rel}","templated":true}]}}